{"id":614,"date":"2016-05-12T15:37:12","date_gmt":"2016-05-12T13:37:12","guid":{"rendered":"http:\/\/www.kummernecker.at\/cms\/?page_id=614"},"modified":"2018-04-06T19:16:09","modified_gmt":"2018-04-06T17:16:09","slug":"changemanagement","status":"publish","type":"page","link":"https:\/\/www.kummernecker.at\/cms\/de\/leistungen\/changemanagement\/","title":{"rendered":"Changemanagement"},"content":{"rendered":"<p><div class=\"fusion-fullwidth fullwidth-box fusion-builder-row-1 nonhundred-percent-fullwidth non-hundred-percent-height-scrolling\" style=\"--awb-background-position:center top;--awb-border-radius-top-left:0px;--awb-border-radius-top-right:0px;--awb-border-radius-bottom-right:0px;--awb-border-radius-bottom-left:0px;--awb-padding-top:10px;--awb-padding-bottom:0px;--awb-background-color:#bfe4f7;--awb-border-sizes-top:0px;--awb-border-sizes-bottom:0px;--awb-flex-wrap:wrap;\" ><div class=\"fusion-builder-row fusion-row\"><div class=\"fusion-layout-column fusion_builder_column fusion-builder-column-0 fusion_builder_column_1_1 1_1 fusion-one-full fusion-column-first fusion-column-last\" style=\"--awb-bg-color:rgba(210,238,250,0.6);--awb-bg-color-hover:rgba(210,238,250,0.6);--awb-bg-size:cover;\"><div class=\"fusion-column-wrapper fusion-flex-column-wrapper-legacy\"><div class=\"fusion-text fusion-text-1\"><h1 style=\"text-align: center;\">&#8222;Ver\u00e4ndern brauchen wir uns nicht,<br \/>\nwir sind ja erfolgreich am Markt!&#8220;<\/h1>\n<p>Ein Unternehmen ist gefordert sich der st\u00e4ndigen Ver\u00e4nderungen am Markt zu stellen. \u00c4nderungen in der Produktpalette, Ver\u00e4nderungen der eingesetzten Technologien, Anpassungen f\u00fcr den Kundenkreis erfordern nicht selten einen \u00c4nderungsbedarf f\u00fcr die Unternehmensorganisation im Unternehmen.<\/p>\n<p>Ver\u00e4nderte Unternehmensmodelle lassen sich nicht mehr mit den derzeit verbreiteten Organisationsstrukturen abdecken. Eine Anpassung der Unternehmensstruktur an die neuen Gegebenheiten ist notwendig.<\/p>\n<p>Eine bedachte \u00dcberleitung der Unternehmensstruktur an die neuen Gegebenheiten gelingt mit einer wohlerarbeiteten Vorgehensweise, die das gesamte Unternehmen &#8211; speziell die Mitarbeiter &#8211; mitnimmt.<\/p>\n<p>Wir unterst\u00fctzen bei organisatorischen \u00c4nderungen und bei Anpassungen der Prozesse. In beiden F\u00e4llen sind \u00c4nderungen nur unter rechtzeitiger und umfassender Einbindung der Betroffenen und deren Umfeld m\u00f6glich.<\/p>\n<p>Permanentes Anpassen an sich rasch ver\u00e4ndernde Rahmen- und Marktbedingungen und das st\u00e4ndige neu erfinden von Gesch\u00e4ftskonzepten, bedarf eines breiten Wissens und langj\u00e4hriger Erfahrung. Wir helfen Ihnen!<\/p>\n<\/div><div class=\"fusion-clearfix\"><\/div><\/div><\/div><\/div><\/div><div class=\"fusion-fullwidth fullwidth-box fusion-builder-row-2 nonhundred-percent-fullwidth non-hundred-percent-height-scrolling\" style=\"--awb-background-position:left top;--awb-border-radius-top-left:0px;--awb-border-radius-top-right:0px;--awb-border-radius-bottom-right:0px;--awb-border-radius-bottom-left:0px;--awb-padding-top:20px;--awb-padding-bottom:20px;--awb-background-color:#333333;--awb-border-sizes-top:0px;--awb-border-sizes-bottom:0px;--awb-flex-wrap:wrap;\" ><div class=\"fusion-builder-row fusion-row\"><div class=\"fusion-layout-column fusion_builder_column fusion-builder-column-1 fusion_builder_column_1_1 1_1 fusion-one-full fusion-column-first fusion-column-last fusion-column-no-min-height\" style=\"--awb-bg-size:cover;--awb-margin-bottom:0px;\"><div class=\"fusion-column-wrapper fusion-flex-column-wrapper-legacy\"><div class=\"fusion-text fusion-text-2\"><p style=\"text-align: center;\"><span style=\"color: #ffffff; font-size: 32px;\">Unser Changemanagement Angebot:<\/span><\/p>\n<\/div><div class=\"fusion-clearfix\"><\/div><\/div><\/div><div class=\"fusion-layout-column fusion_builder_column fusion-builder-column-2 fusion_builder_column_1_1 1_1 fusion-one-full fusion-column-first fusion-column-last fusion-column-no-min-height\" style=\"--awb-bg-size:cover;--awb-margin-bottom:0px;\"><div class=\"fusion-column-wrapper fusion-flex-column-wrapper-legacy\"><div class=\"fusion-section-separator section-separator triangle fusion-section-separator-1\" style=\"--awb-border-bottom:1px solid #333333;--awb-spacer-height:1px;--awb-svg-margin-left:0;--awb-svg-margin-right:0;--awb-icon-color:#ffffff;\"><div class=\"fusion-section-separator-svg\"><div class=\"divider-candy-arrow bottom\" style=\"top:0px;border-top-color: #333333;\"><\/div><div class=\"divider-candy bottom\" style=\"bottom:-21px;border-bottom:1px solid #333333;border-left:1px solid #333333;\"><\/div><\/div><div class=\"fusion-section-separator-spacer\"><div class=\"fusion-section-separator-spacer-height\"><\/div><\/div><\/div><div class=\"fusion-clearfix\"><\/div><\/div><\/div><\/div><\/div><div class=\"fusion-fullwidth fullwidth-box fusion-builder-row-3 nonhundred-percent-fullwidth non-hundred-percent-height-scrolling\" style=\"--awb-background-position:left top;--awb-border-radius-top-left:0px;--awb-border-radius-top-right:0px;--awb-border-radius-bottom-right:0px;--awb-border-radius-bottom-left:0px;--awb-padding-top:20px;--awb-padding-bottom:20px;--awb-border-sizes-top:0px;--awb-border-sizes-bottom:0px;--awb-flex-wrap:wrap;\" ><div class=\"fusion-builder-row fusion-row\"><div class=\"fusion-layout-column fusion_builder_column fusion-builder-column-3 fusion_builder_column_1_2 1_2 fusion-one-half fusion-column-first\" style=\"--awb-bg-size:cover;width:48%; margin-right: 4%;\"><div class=\"fusion-column-wrapper fusion-flex-column-wrapper-legacy\"><div class=\"fusion-title title fusion-title-1 fusion-sep-none fusion-title-text fusion-title-size-two\" style=\"--awb-margin-top-small:10px;--awb-margin-right-small:0px;--awb-margin-bottom-small:10px;--awb-margin-left-small:0px;\"><h2 class=\"fusion-title-heading title-heading-left fusion-responsive-typography-calculated\" style=\"margin:0;--fontSize:36;line-height:1.2;\">Leistungen im Changemanagement:<\/h2><\/div><div class=\"accordian fusion-accordian\" style=\"--awb-border-size:1px;--awb-icon-size:13px;--awb-content-font-size:16px;--awb-icon-alignment:left;--awb-hover-color:#f9f9f9;--awb-border-color:#cccccc;--awb-background-color:#ffffff;--awb-divider-color:#e0dede;--awb-divider-hover-color:#e0dede;--awb-icon-color:#ffffff;--awb-title-color:#333333;--awb-content-color:#5e5e5e;--awb-icon-box-color:#333333;--awb-toggle-hover-accent-color:#9e9e9e;--awb-title-font-family:&quot;Open Sans&quot;;--awb-title-font-weight:regular;--awb-title-font-style:normal;--awb-title-font-size:20px;--awb-content-font-family:&quot;Open Sans&quot;;--awb-content-font-style:normal;--awb-content-font-weight:regular;\"><div class=\"panel-group fusion-toggle-icon-boxed\" id=\"accordion-614-1\"><div class=\"fusion-panel panel-default panel-c9a167badcfdc5bb2 fusion-toggle-has-divider\"><div class=\"panel-heading\"><h4 class=\"panel-title toggle\" id=\"toggle_c9a167badcfdc5bb2\"><a aria-expanded=\"false\" aria-controls=\"c9a167badcfdc5bb2\" role=\"button\" data-toggle=\"collapse\" data-parent=\"#accordion-614-1\" data-target=\"#c9a167badcfdc5bb2\" href=\"#c9a167badcfdc5bb2\"><span class=\"fusion-toggle-icon-wrapper\" aria-hidden=\"true\"><i class=\"fa-fusion-box active-icon awb-icon-minus\" aria-hidden=\"true\"><\/i><i class=\"fa-fusion-box inactive-icon awb-icon-plus\" aria-hidden=\"true\"><\/i><\/span><span class=\"fusion-toggle-heading\">Change definieren<\/span><\/a><\/h4><\/div><div id=\"c9a167badcfdc5bb2\" class=\"panel-collapse collapse \" aria-labelledby=\"toggle_c9a167badcfdc5bb2\"><div class=\"panel-body toggle-content fusion-clearfix\">\n<p style=\"text-align: left; padding-left: 60px;\">Analyse der IST-Situation.<br \/>\nFesthalten der Gemeinsamkeiten und Unterschiede.<br \/>\nErarbeiten der Change-Ziele (Was? Warum?).<\/p>\n<\/div><\/div><\/div><div class=\"fusion-panel panel-default panel-128a9bdb0dea277af fusion-toggle-has-divider\"><div class=\"panel-heading\"><h4 class=\"panel-title toggle\" id=\"toggle_128a9bdb0dea277af\"><a aria-expanded=\"false\" aria-controls=\"128a9bdb0dea277af\" role=\"button\" data-toggle=\"collapse\" data-parent=\"#accordion-614-1\" data-target=\"#128a9bdb0dea277af\" href=\"#128a9bdb0dea277af\"><span class=\"fusion-toggle-icon-wrapper\" aria-hidden=\"true\"><i class=\"fa-fusion-box active-icon awb-icon-minus\" aria-hidden=\"true\"><\/i><i class=\"fa-fusion-box inactive-icon awb-icon-plus\" aria-hidden=\"true\"><\/i><\/span><span class=\"fusion-toggle-heading\"> Change planen<\/span><\/a><\/h4><\/div><div id=\"128a9bdb0dea277af\" class=\"panel-collapse collapse \" aria-labelledby=\"toggle_128a9bdb0dea277af\"><div class=\"panel-body toggle-content fusion-clearfix\">\n<p style=\"padding-left: 60px;\">Erarbeiten der Change-Strategie.<br \/>\nDefinition des &#8222;roten Faden&#8220; und des Sinns.<\/p>\n<\/div><\/div><\/div><div class=\"fusion-panel panel-default panel-b36c6b262e0b41d9f fusion-toggle-has-divider\"><div class=\"panel-heading\"><h4 class=\"panel-title toggle\" id=\"toggle_b36c6b262e0b41d9f\"><a aria-expanded=\"false\" aria-controls=\"b36c6b262e0b41d9f\" role=\"button\" data-toggle=\"collapse\" data-parent=\"#accordion-614-1\" data-target=\"#b36c6b262e0b41d9f\" href=\"#b36c6b262e0b41d9f\"><span class=\"fusion-toggle-icon-wrapper\" aria-hidden=\"true\"><i class=\"fa-fusion-box active-icon awb-icon-minus\" aria-hidden=\"true\"><\/i><i class=\"fa-fusion-box inactive-icon awb-icon-plus\" aria-hidden=\"true\"><\/i><\/span><span class=\"fusion-toggle-heading\">Change Umsetzung<\/span><\/a><\/h4><\/div><div id=\"b36c6b262e0b41d9f\" class=\"panel-collapse collapse \" aria-labelledby=\"toggle_b36c6b262e0b41d9f\"><div class=\"panel-body toggle-content fusion-clearfix\">\n<p style=\"text-align: left; padding-left: 60px;\">Change-Ziele und -Hintergr\u00fcnde vorstellen.<br \/>\nAkzeptanz f\u00fcr den Change schaffen.<br \/>\nModeration des Changes.<br \/>\nDokumentation des Changes.<\/p>\n<\/div><\/div><\/div><\/div><\/div><div class=\"fusion-clearfix\"><\/div><\/div><\/div><div class=\"fusion-layout-column fusion_builder_column fusion-builder-column-4 fusion_builder_column_1_2 1_2 fusion-one-half fusion-column-last\" style=\"--awb-bg-size:cover;width:48%;\"><div class=\"fusion-column-wrapper fusion-flex-column-wrapper-legacy\"><div class=\"fusion-text fusion-text-3\"><div style=\"width: 1280px;\" class=\"wp-video\"><video class=\"wp-video-shortcode\" id=\"video-614-1\" width=\"1280\" height=\"720\" loop autoplay preload=\"metadata\" controls=\"controls\"><source type=\"video\/mp4\" src=\"https:\/\/www.kummernecker.at\/cms\/wp-content\/uploads\/2016\/05\/Film-arbeiten-1.mp4?_=1\" \/><a href=\"https:\/\/www.kummernecker.at\/cms\/wp-content\/uploads\/2016\/05\/Film-arbeiten-1.mp4\">https:\/\/www.kummernecker.at\/cms\/wp-content\/uploads\/2016\/05\/Film-arbeiten-1.mp4<\/a><\/video><\/div>\n<\/div><div class=\"fusion-clearfix\"><\/div><\/div><\/div><\/div><\/div><div class=\"fusion-fullwidth fullwidth-box fusion-builder-row-4 nonhundred-percent-fullwidth non-hundred-percent-height-scrolling\" style=\"--awb-background-position:left top;--awb-border-radius-top-left:0px;--awb-border-radius-top-right:0px;--awb-border-radius-bottom-right:0px;--awb-border-radius-bottom-left:0px;--awb-padding-top:20px;--awb-padding-bottom:20px;--awb-background-color:#333333;--awb-border-sizes-top:0px;--awb-border-sizes-bottom:0px;--awb-flex-wrap:wrap;\" ><div class=\"fusion-builder-row fusion-row\"><div class=\"fusion-layout-column fusion_builder_column fusion-builder-column-5 fusion_builder_column_1_1 1_1 fusion-one-full fusion-column-first fusion-column-last fusion-column-no-min-height\" style=\"--awb-bg-size:cover;--awb-margin-bottom:0px;\"><div class=\"fusion-column-wrapper fusion-flex-column-wrapper-legacy\"><div class=\"fusion-text fusion-text-4\"><p style=\"text-align: center;\"><span style=\"color: #ffffff; font-size: 32px;\">Anbei einige erprobte Methoden und Tools:<\/span><\/p>\n<\/div><div class=\"fusion-clearfix\"><\/div><\/div><\/div><div class=\"fusion-layout-column fusion_builder_column fusion-builder-column-6 fusion_builder_column_1_1 1_1 fusion-one-full fusion-column-first fusion-column-last fusion-column-no-min-height\" style=\"--awb-bg-size:cover;--awb-margin-bottom:0px;\"><div class=\"fusion-column-wrapper fusion-flex-column-wrapper-legacy\"><div class=\"fusion-section-separator section-separator triangle fusion-section-separator-2\" style=\"--awb-border-bottom:1px solid #333333;--awb-spacer-height:1px;--awb-svg-margin-left:0;--awb-svg-margin-right:0;--awb-icon-color:#ffffff;\"><div class=\"fusion-section-separator-svg\"><div class=\"divider-candy-arrow bottom\" style=\"top:0px;border-top-color: #333333;\"><\/div><div class=\"divider-candy bottom\" style=\"bottom:-21px;border-bottom:1px solid #333333;border-left:1px solid #333333;\"><\/div><\/div><div class=\"fusion-section-separator-spacer\"><div class=\"fusion-section-separator-spacer-height\"><\/div><\/div><\/div><div class=\"fusion-clearfix\"><\/div><\/div><\/div><\/div><\/div><div class=\"fusion-fullwidth fullwidth-box fusion-builder-row-5 nonhundred-percent-fullwidth non-hundred-percent-height-scrolling\" style=\"--awb-background-position:left top;--awb-border-radius-top-left:0px;--awb-border-radius-top-right:0px;--awb-border-radius-bottom-right:0px;--awb-border-radius-bottom-left:0px;--awb-padding-top:20px;--awb-padding-bottom:20px;--awb-border-sizes-top:0px;--awb-border-sizes-bottom:0px;--awb-flex-wrap:wrap;\" ><div class=\"fusion-builder-row fusion-row\"><div class=\"fusion-layout-column fusion_builder_column fusion-builder-column-7 fusion_builder_column_2_3 2_3 fusion-two-third fusion-column-first\" style=\"--awb-bg-size:cover;width:65.3333%; margin-right: 4%;\"><div class=\"fusion-column-wrapper fusion-flex-column-wrapper-legacy\"><div class=\"fusion-text fusion-text-5\"><h3>Changemanagement Tools:<\/h3>\n<ul>\n<li>SWOT (St\u00e4rken\/Schw\u00e4chen) Analyse<\/li>\n<li>Umfeld-Analsye<\/li>\n<li>Stimmungsbarometer<\/li>\n<li>Blitzlicht-Erhebung<\/li>\n<\/ul>\n<\/div><div class=\"fusion-clearfix\"><\/div><\/div><\/div><div class=\"fusion-layout-column fusion_builder_column fusion-builder-column-8 fusion_builder_column_1_3 1_3 fusion-one-third fusion-column-last\" style=\"--awb-bg-size:cover;width:30.6666%;\"><div class=\"fusion-column-wrapper fusion-flex-column-wrapper-legacy\"><div id=\"layerslider_14_p960yxe71qm\"  class=\"ls-wp-container fitvidsignore ls-selectable\" style=\"width:640px;height:384px;max-width:640px;margin:0 auto;margin-bottom: 0px;\"><div class=\"ls-slide\" data-ls=\"duration:3000;transition2d:3;\"><img decoding=\"async\" width=\"640\" height=\"425\" src=\"https:\/\/www.kummernecker.at\/cms\/wp-content\/uploads\/2016\/05\/Change-Schreibtisch-alt_640_red.jpg\" class=\"ls-bg\" alt=\"Change alt\" srcset=\"https:\/\/www.kummernecker.at\/cms\/wp-content\/uploads\/2016\/05\/Change-Schreibtisch-alt_640_red-200x133.jpg 200w, https:\/\/www.kummernecker.at\/cms\/wp-content\/uploads\/2016\/05\/Change-Schreibtisch-alt_640_red-250x166.jpg 250w, https:\/\/www.kummernecker.at\/cms\/wp-content\/uploads\/2016\/05\/Change-Schreibtisch-alt_640_red-300x199.jpg 300w, https:\/\/www.kummernecker.at\/cms\/wp-content\/uploads\/2016\/05\/Change-Schreibtisch-alt_640_red-350x232.jpg 350w, https:\/\/www.kummernecker.at\/cms\/wp-content\/uploads\/2016\/05\/Change-Schreibtisch-alt_640_red-400x266.jpg 400w, https:\/\/www.kummernecker.at\/cms\/wp-content\/uploads\/2016\/05\/Change-Schreibtisch-alt_640_red-600x398.jpg 600w, https:\/\/www.kummernecker.at\/cms\/wp-content\/uploads\/2016\/05\/Change-Schreibtisch-alt_640_red.jpg 640w\" sizes=\"(max-width: 640px) 100vw, 640px\" \/><\/div><div class=\"ls-slide\" data-ls=\"duration:3000;transition2d:3;\"><img decoding=\"async\" width=\"640\" height=\"425\" src=\"https:\/\/www.kummernecker.at\/cms\/wp-content\/uploads\/2016\/05\/Change-Schreibtisch-mix_640_red.jpg\" class=\"ls-bg\" alt=\"Change mix\" srcset=\"https:\/\/www.kummernecker.at\/cms\/wp-content\/uploads\/2016\/05\/Change-Schreibtisch-mix_640_red-200x133.jpg 200w, https:\/\/www.kummernecker.at\/cms\/wp-content\/uploads\/2016\/05\/Change-Schreibtisch-mix_640_red-250x166.jpg 250w, https:\/\/www.kummernecker.at\/cms\/wp-content\/uploads\/2016\/05\/Change-Schreibtisch-mix_640_red-300x199.jpg 300w, https:\/\/www.kummernecker.at\/cms\/wp-content\/uploads\/2016\/05\/Change-Schreibtisch-mix_640_red-350x232.jpg 350w, https:\/\/www.kummernecker.at\/cms\/wp-content\/uploads\/2016\/05\/Change-Schreibtisch-mix_640_red-400x266.jpg 400w, https:\/\/www.kummernecker.at\/cms\/wp-content\/uploads\/2016\/05\/Change-Schreibtisch-mix_640_red-600x398.jpg 600w, https:\/\/www.kummernecker.at\/cms\/wp-content\/uploads\/2016\/05\/Change-Schreibtisch-mix_640_red.jpg 640w\" sizes=\"(max-width: 640px) 100vw, 640px\" \/><\/div><div class=\"ls-slide\" data-ls=\"duration:3000;transition2d:3;\"><img decoding=\"async\" width=\"640\" height=\"425\" src=\"https:\/\/www.kummernecker.at\/cms\/wp-content\/uploads\/2016\/05\/Change-Schreibtisch-neu_640_red.jpg\" class=\"ls-bg\" alt=\"Change new\" srcset=\"https:\/\/www.kummernecker.at\/cms\/wp-content\/uploads\/2016\/05\/Change-Schreibtisch-neu_640_red-200x133.jpg 200w, https:\/\/www.kummernecker.at\/cms\/wp-content\/uploads\/2016\/05\/Change-Schreibtisch-neu_640_red-250x166.jpg 250w, https:\/\/www.kummernecker.at\/cms\/wp-content\/uploads\/2016\/05\/Change-Schreibtisch-neu_640_red-300x199.jpg 300w, https:\/\/www.kummernecker.at\/cms\/wp-content\/uploads\/2016\/05\/Change-Schreibtisch-neu_640_red-350x232.jpg 350w, https:\/\/www.kummernecker.at\/cms\/wp-content\/uploads\/2016\/05\/Change-Schreibtisch-neu_640_red-400x266.jpg 400w, https:\/\/www.kummernecker.at\/cms\/wp-content\/uploads\/2016\/05\/Change-Schreibtisch-neu_640_red-600x398.jpg 600w, https:\/\/www.kummernecker.at\/cms\/wp-content\/uploads\/2016\/05\/Change-Schreibtisch-neu_640_red.jpg 640w\" sizes=\"(max-width: 640px) 100vw, 640px\" \/><\/div><\/div><div class=\"fusion-clearfix\"><\/div><\/div><\/div><\/div><\/div><div class=\"fusion-fullwidth fullwidth-box fusion-builder-row-6 hundred-percent-fullwidth non-hundred-percent-height-scrolling\" style=\"--awb-border-radius-top-left:0px;--awb-border-radius-top-right:0px;--awb-border-radius-bottom-right:0px;--awb-border-radius-bottom-left:0px;--awb-overflow:visible;--awb-padding-right:20px;--awb-padding-left:20px;--awb-background-color:rgba(255,255,255,0);--awb-flex-wrap:wrap;\" ><div class=\"fusion-builder-row fusion-row\"><div class=\"fusion-layout-column fusion_builder_column fusion-builder-column-9 fusion_builder_column_1_1 1_1 fusion-one-full fusion-column-first fusion-column-last fusion-column-no-min-height\" style=\"--awb-bg-size:cover;--awb-margin-bottom:0px;\"><div class=\"fusion-column-wrapper fusion-flex-column-wrapper-legacy\"><div class=\"fusion-sep-clear\"><\/div><div class=\"fusion-separator fusion-full-width-sep\" style=\"margin-left: auto;margin-right: auto;width:100%;\"><\/div><div class=\"fusion-sep-clear\"><\/div><div class=\"fusion-clearfix\"><\/div><\/div><\/div><\/div><\/div><div class=\"fusion-fullwidth fullwidth-box fusion-builder-row-7 nonhundred-percent-fullwidth non-hundred-percent-height-scrolling\" style=\"--awb-background-position:left top;--awb-border-radius-top-left:0px;--awb-border-radius-top-right:0px;--awb-border-radius-bottom-right:0px;--awb-border-radius-bottom-left:0px;--awb-padding-top:20px;--awb-padding-bottom:20px;--awb-border-sizes-top:0px;--awb-border-sizes-bottom:0px;--awb-flex-wrap:wrap;\" ><div class=\"fusion-builder-row fusion-row\"><div class=\"fusion-layout-column fusion_builder_column fusion-builder-column-10 fusion_builder_column_2_3 2_3 fusion-two-third fusion-column-first\" style=\"--awb-bg-size:cover;width:65.3333%; margin-right: 4%;\"><div class=\"fusion-column-wrapper fusion-flex-column-wrapper-legacy\"><div class=\"fusion-text fusion-text-6\"><h3>Changemanagement Methoden:<\/h3>\n<ul>\n<li>Erhebungen \/ Interviews<\/li>\n<li>Workshops<\/li>\n<li>Reflexionsmethoden (Feedback)<\/li>\n<\/ul>\n<\/div><div class=\"fusion-clearfix\"><\/div><\/div><\/div><div class=\"fusion-layout-column fusion_builder_column fusion-builder-column-11 fusion_builder_column_1_3 1_3 fusion-one-third fusion-column-last\" style=\"--awb-bg-size:cover;width:30.6666%;\"><div class=\"fusion-column-wrapper fusion-flex-column-wrapper-legacy\"><div id=\"layerslider_10_1uk8ad67ugp3h\"  class=\"ls-wp-container fitvidsignore ls-selectable\" style=\"width:640px;height:384px;margin:0 auto;margin-bottom: 0px;\"><div class=\"ls-slide\" data-ls=\"duration:2000;transition2d:3;\"><img decoding=\"async\" width=\"640\" height=\"427\" src=\"https:\/\/www.kummernecker.at\/cms\/wp-content\/uploads\/2016\/05\/pexels-photo_640_red.jpg\" class=\"ls-bg\" alt=\"work 1\" srcset=\"https:\/\/www.kummernecker.at\/cms\/wp-content\/uploads\/2016\/05\/pexels-photo_640_red-200x133.jpg 200w, https:\/\/www.kummernecker.at\/cms\/wp-content\/uploads\/2016\/05\/pexels-photo_640_red-250x167.jpg 250w, https:\/\/www.kummernecker.at\/cms\/wp-content\/uploads\/2016\/05\/pexels-photo_640_red-300x200.jpg 300w, https:\/\/www.kummernecker.at\/cms\/wp-content\/uploads\/2016\/05\/pexels-photo_640_red-350x234.jpg 350w, https:\/\/www.kummernecker.at\/cms\/wp-content\/uploads\/2016\/05\/pexels-photo_640_red-400x267.jpg 400w, https:\/\/www.kummernecker.at\/cms\/wp-content\/uploads\/2016\/05\/pexels-photo_640_red-600x400.jpg 600w, https:\/\/www.kummernecker.at\/cms\/wp-content\/uploads\/2016\/05\/pexels-photo_640_red.jpg 640w\" sizes=\"(max-width: 640px) 100vw, 640px\" \/><\/div><div class=\"ls-slide\" data-ls=\"duration:2000;transition2d:3;\"><img decoding=\"async\" width=\"640\" height=\"427\" src=\"https:\/\/www.kummernecker.at\/cms\/wp-content\/uploads\/2016\/05\/people-coffee-notes-tea_640_red.jpg\" class=\"ls-bg\" alt=\"work 2\" srcset=\"https:\/\/www.kummernecker.at\/cms\/wp-content\/uploads\/2016\/05\/people-coffee-notes-tea_640_red-200x133.jpg 200w, https:\/\/www.kummernecker.at\/cms\/wp-content\/uploads\/2016\/05\/people-coffee-notes-tea_640_red-250x167.jpg 250w, https:\/\/www.kummernecker.at\/cms\/wp-content\/uploads\/2016\/05\/people-coffee-notes-tea_640_red-300x200.jpg 300w, https:\/\/www.kummernecker.at\/cms\/wp-content\/uploads\/2016\/05\/people-coffee-notes-tea_640_red-350x234.jpg 350w, https:\/\/www.kummernecker.at\/cms\/wp-content\/uploads\/2016\/05\/people-coffee-notes-tea_640_red-400x267.jpg 400w, https:\/\/www.kummernecker.at\/cms\/wp-content\/uploads\/2016\/05\/people-coffee-notes-tea_640_red-600x400.jpg 600w, https:\/\/www.kummernecker.at\/cms\/wp-content\/uploads\/2016\/05\/people-coffee-notes-tea_640_red.jpg 640w\" sizes=\"(max-width: 640px) 100vw, 640px\" \/><\/div><div class=\"ls-slide\" data-ls=\"duration:2000;transition2d:3;\"><img decoding=\"async\" width=\"640\" height=\"425\" src=\"https:\/\/www.kummernecker.at\/cms\/wp-content\/uploads\/2016\/05\/office-notes-notepad-entrepreneur_640_red.jpeg\" class=\"ls-bg\" alt=\"work 3\" srcset=\"https:\/\/www.kummernecker.at\/cms\/wp-content\/uploads\/2016\/05\/office-notes-notepad-entrepreneur_640_red-200x133.jpeg 200w, https:\/\/www.kummernecker.at\/cms\/wp-content\/uploads\/2016\/05\/office-notes-notepad-entrepreneur_640_red-250x166.jpeg 250w, https:\/\/www.kummernecker.at\/cms\/wp-content\/uploads\/2016\/05\/office-notes-notepad-entrepreneur_640_red-300x199.jpeg 300w, https:\/\/www.kummernecker.at\/cms\/wp-content\/uploads\/2016\/05\/office-notes-notepad-entrepreneur_640_red-350x232.jpeg 350w, https:\/\/www.kummernecker.at\/cms\/wp-content\/uploads\/2016\/05\/office-notes-notepad-entrepreneur_640_red-400x266.jpeg 400w, https:\/\/www.kummernecker.at\/cms\/wp-content\/uploads\/2016\/05\/office-notes-notepad-entrepreneur_640_red-600x398.jpeg 600w, https:\/\/www.kummernecker.at\/cms\/wp-content\/uploads\/2016\/05\/office-notes-notepad-entrepreneur_640_red.jpeg 640w\" sizes=\"(max-width: 640px) 100vw, 640px\" \/><\/div><div class=\"ls-slide\" data-ls=\"duration:2000;transition2d:3;\"><img decoding=\"async\" width=\"640\" height=\"427\" src=\"https:\/\/www.kummernecker.at\/cms\/wp-content\/uploads\/2016\/05\/people-woman-coffee-meeting_640_red.jpg\" class=\"ls-bg\" alt=\"work 4\" srcset=\"https:\/\/www.kummernecker.at\/cms\/wp-content\/uploads\/2016\/05\/people-woman-coffee-meeting_640_red-200x133.jpg 200w, https:\/\/www.kummernecker.at\/cms\/wp-content\/uploads\/2016\/05\/people-woman-coffee-meeting_640_red-250x167.jpg 250w, https:\/\/www.kummernecker.at\/cms\/wp-content\/uploads\/2016\/05\/people-woman-coffee-meeting_640_red-300x200.jpg 300w, https:\/\/www.kummernecker.at\/cms\/wp-content\/uploads\/2016\/05\/people-woman-coffee-meeting_640_red-350x234.jpg 350w, https:\/\/www.kummernecker.at\/cms\/wp-content\/uploads\/2016\/05\/people-woman-coffee-meeting_640_red-400x267.jpg 400w, https:\/\/www.kummernecker.at\/cms\/wp-content\/uploads\/2016\/05\/people-woman-coffee-meeting_640_red-600x400.jpg 600w, https:\/\/www.kummernecker.at\/cms\/wp-content\/uploads\/2016\/05\/people-woman-coffee-meeting_640_red.jpg 640w\" sizes=\"(max-width: 640px) 100vw, 640px\" \/><\/div><\/div><div class=\"fusion-clearfix\"><\/div><\/div><\/div><\/div><\/div><\/p>\n","protected":false},"excerpt":{"rendered":"","protected":false},"author":1,"featured_media":0,"parent":250,"menu_order":3,"comment_status":"closed","ping_status":"closed","template":"100-width.php","meta":{"_bbp_topic_count":0,"_bbp_reply_count":0,"_bbp_total_topic_count":0,"_bbp_total_reply_count":0,"_bbp_voice_count":0,"_bbp_anonymous_reply_count":0,"_bbp_topic_count_hidden":0,"_bbp_reply_count_hidden":0,"_bbp_forum_subforum_count":0,"footnotes":""},"class_list":["post-614","page","type-page","status-publish","hentry"],"_links":{"self":[{"href":"https:\/\/www.kummernecker.at\/cms\/wp-json\/wp\/v2\/pages\/614","targetHints":{"allow":["GET"]}}],"collection":[{"href":"https:\/\/www.kummernecker.at\/cms\/wp-json\/wp\/v2\/pages"}],"about":[{"href":"https:\/\/www.kummernecker.at\/cms\/wp-json\/wp\/v2\/types\/page"}],"author":[{"embeddable":true,"href":"https:\/\/www.kummernecker.at\/cms\/wp-json\/wp\/v2\/users\/1"}],"replies":[{"embeddable":true,"href":"https:\/\/www.kummernecker.at\/cms\/wp-json\/wp\/v2\/comments?post=614"}],"version-history":[{"count":18,"href":"https:\/\/www.kummernecker.at\/cms\/wp-json\/wp\/v2\/pages\/614\/revisions"}],"predecessor-version":[{"id":1386,"href":"https:\/\/www.kummernecker.at\/cms\/wp-json\/wp\/v2\/pages\/614\/revisions\/1386"}],"up":[{"embeddable":true,"href":"https:\/\/www.kummernecker.at\/cms\/wp-json\/wp\/v2\/pages\/250"}],"wp:attachment":[{"href":"https:\/\/www.kummernecker.at\/cms\/wp-json\/wp\/v2\/media?parent=614"}],"curies":[{"name":"wp","href":"https:\/\/api.w.org\/{rel}","templated":true}]}}