{"id":611,"date":"2016-05-12T15:34:59","date_gmt":"2016-05-12T13:34:59","guid":{"rendered":"http:\/\/www.kummernecker.at\/cms\/?page_id=611"},"modified":"2018-04-06T19:14:59","modified_gmt":"2018-04-06T17:14:59","slug":"prozessmanagement","status":"publish","type":"page","link":"https:\/\/www.kummernecker.at\/cms\/de\/leistungen\/prozessmanagement\/","title":{"rendered":"Prozessmanagement"},"content":{"rendered":"<p><div class=\"fusion-fullwidth fullwidth-box fusion-builder-row-1 nonhundred-percent-fullwidth non-hundred-percent-height-scrolling\" style=\"--awb-background-position:center top;--awb-border-radius-top-left:0px;--awb-border-radius-top-right:0px;--awb-border-radius-bottom-right:0px;--awb-border-radius-bottom-left:0px;--awb-padding-top:10px;--awb-padding-bottom:0px;--awb-background-color:#bfe4f7;--awb-border-sizes-top:0px;--awb-border-sizes-bottom:0px;--awb-flex-wrap:wrap;\" ><div class=\"fusion-builder-row fusion-row\"><div class=\"fusion-layout-column fusion_builder_column fusion-builder-column-0 fusion_builder_column_1_1 1_1 fusion-one-full fusion-column-first fusion-column-last\" style=\"--awb-bg-color:rgba(210,238,250,0.6);--awb-bg-color-hover:rgba(210,238,250,0.6);--awb-bg-size:cover;\"><div class=\"fusion-column-wrapper fusion-flex-column-wrapper-legacy\"><div class=\"fusion-text fusion-text-1\"><h1 style=\"text-align: center;\">&#8222;Prozessmanagement produziert nur Papier<br \/>\nund wird nicht gelebt!&#8220;<\/h1>\n<p>Unternehmensprozesse zu beschreiben ist zugegeben eine aufw\u00e4ndige, nicht enden wollende Aufgabe. Kaum sind die Prozesse dokumentiert, steht die n\u00e4chste Ver\u00e4nderung an. Vor dieses Dilemma stehen viele Unternehmen.<\/p>\n<p>Dennoch ist es sinnvoll die Unternehmensprozesse zu beschreiben. Ein pragmatischer Ansatz ist hier die effektivste Vorgehensweise und hat die gr\u00f6\u00dften Chancen auf Umsetzung. Nur gelebte Prozesse sind es Wert dokumentiert zu sein.<\/p>\n<p>Ein strukturierter Top Down Ansatz startet immer auf der strategischen Unternehmensebene und wird bis zum notwendigen Ma\u00df verfeinert. Nur wirklich &#8222;wichtige&#8220; Prozesse werden analysiert und dokumentiert. Ach hier gilt &#8222;Vom Groben zum Feinen&#8220; als Maxieme.<\/p>\n<p>Vereinbaren sie ein Erstgesp\u00e4ch, welche M\u00f6glichkeiten wir f\u00fcr ihr Unternehmen empfehlen. Gerade Prozesse sollten immer im Vergleich zum Umfeld betrachtet werden. Eine unabh\u00e4ngige Aussensicht kann den entscheidenden Wettbewerbsvorteil f\u00fcr ihr Unternehmen bringen.<\/p>\n<\/div><div class=\"fusion-clearfix\"><\/div><\/div><\/div><\/div><\/div><div class=\"fusion-fullwidth fullwidth-box fusion-builder-row-2 nonhundred-percent-fullwidth non-hundred-percent-height-scrolling\" style=\"--awb-background-position:left top;--awb-border-radius-top-left:0px;--awb-border-radius-top-right:0px;--awb-border-radius-bottom-right:0px;--awb-border-radius-bottom-left:0px;--awb-padding-top:20px;--awb-padding-bottom:20px;--awb-background-color:#333333;--awb-border-sizes-top:0px;--awb-border-sizes-bottom:0px;--awb-flex-wrap:wrap;\" ><div class=\"fusion-builder-row fusion-row\"><div class=\"fusion-layout-column fusion_builder_column fusion-builder-column-1 fusion_builder_column_1_1 1_1 fusion-one-full fusion-column-first fusion-column-last fusion-column-no-min-height\" style=\"--awb-bg-size:cover;--awb-margin-bottom:0px;\"><div class=\"fusion-column-wrapper fusion-flex-column-wrapper-legacy\"><div class=\"fusion-text fusion-text-2\"><p style=\"text-align: center;\"><span style=\"color: #ffffff; font-size: 32px;\">Unser Prozessmanagement Angebot:<\/span><\/p>\n<\/div><div class=\"fusion-clearfix\"><\/div><\/div><\/div><div class=\"fusion-layout-column fusion_builder_column fusion-builder-column-2 fusion_builder_column_1_1 1_1 fusion-one-full fusion-column-first fusion-column-last fusion-column-no-min-height\" style=\"--awb-bg-size:cover;--awb-margin-bottom:0px;\"><div class=\"fusion-column-wrapper fusion-flex-column-wrapper-legacy\"><div class=\"fusion-section-separator section-separator triangle fusion-section-separator-1\" style=\"--awb-border-bottom:1px solid #333333;--awb-spacer-height:1px;--awb-svg-margin-left:0;--awb-svg-margin-right:0;--awb-icon-color:#ffffff;\"><div class=\"fusion-section-separator-svg\"><div class=\"divider-candy-arrow bottom\" style=\"top:0px;border-top-color: #333333;\"><\/div><div class=\"divider-candy bottom\" style=\"bottom:-21px;border-bottom:1px solid #333333;border-left:1px solid #333333;\"><\/div><\/div><div class=\"fusion-section-separator-spacer\"><div class=\"fusion-section-separator-spacer-height\"><\/div><\/div><\/div><div class=\"fusion-clearfix\"><\/div><\/div><\/div><\/div><\/div><div class=\"fusion-fullwidth fullwidth-box fusion-builder-row-3 nonhundred-percent-fullwidth non-hundred-percent-height-scrolling\" style=\"--awb-background-position:left top;--awb-border-radius-top-left:0px;--awb-border-radius-top-right:0px;--awb-border-radius-bottom-right:0px;--awb-border-radius-bottom-left:0px;--awb-padding-top:20px;--awb-padding-bottom:20px;--awb-border-sizes-top:0px;--awb-border-sizes-bottom:0px;--awb-flex-wrap:wrap;\" ><div class=\"fusion-builder-row fusion-row\"><div class=\"fusion-layout-column fusion_builder_column fusion-builder-column-3 fusion_builder_column_1_2 1_2 fusion-one-half fusion-column-first\" style=\"--awb-bg-size:cover;width:48%; margin-right: 4%;\"><div class=\"fusion-column-wrapper fusion-flex-column-wrapper-legacy\"><div class=\"fusion-title title fusion-title-1 fusion-title-text fusion-title-size-two\" style=\"--awb-margin-top-small:10px;--awb-margin-right-small:0px;--awb-margin-bottom-small:10px;--awb-margin-left-small:0px;\"><h2 class=\"fusion-title-heading title-heading-left fusion-responsive-typography-calculated\" style=\"margin:0;--fontSize:36;line-height:1.2;\">Leistungen im Prozessmanagement<\/h2><span class=\"awb-title-spacer\"><\/span><div class=\"title-sep-container\"><div class=\"title-sep sep-double sep-solid\" style=\"border-color:#e0dede;\"><\/div><\/div><\/div><div class=\"accordian fusion-accordian\" style=\"--awb-border-size:1px;--awb-icon-size:13px;--awb-content-font-size:16px;--awb-icon-alignment:left;--awb-hover-color:#f9f9f9;--awb-border-color:#cccccc;--awb-background-color:#ffffff;--awb-divider-color:#e0dede;--awb-divider-hover-color:#e0dede;--awb-icon-color:#ffffff;--awb-title-color:#333333;--awb-content-color:#5e5e5e;--awb-icon-box-color:#333333;--awb-toggle-hover-accent-color:#9e9e9e;--awb-title-font-family:&quot;Open Sans&quot;;--awb-title-font-weight:regular;--awb-title-font-style:normal;--awb-title-font-size:20px;--awb-content-font-family:&quot;Open Sans&quot;;--awb-content-font-style:normal;--awb-content-font-weight:regular;\"><div class=\"panel-group fusion-toggle-icon-boxed\" id=\"accordion-611-1\"><div class=\"fusion-panel panel-default panel-5c5fb0f88e3d4a770 fusion-toggle-has-divider\"><div class=\"panel-heading\"><h4 class=\"panel-title toggle\" id=\"toggle_5c5fb0f88e3d4a770\"><a aria-expanded=\"false\" aria-controls=\"5c5fb0f88e3d4a770\" role=\"button\" data-toggle=\"collapse\" data-parent=\"#accordion-611-1\" data-target=\"#5c5fb0f88e3d4a770\" href=\"#5c5fb0f88e3d4a770\"><span class=\"fusion-toggle-icon-wrapper\" aria-hidden=\"true\"><i class=\"fa-fusion-box active-icon awb-icon-minus\" aria-hidden=\"true\"><\/i><i class=\"fa-fusion-box inactive-icon awb-icon-plus\" aria-hidden=\"true\"><\/i><\/span><span class=\"fusion-toggle-heading\">Prozessanalyse<\/span><\/a><\/h4><\/div><div id=\"5c5fb0f88e3d4a770\" class=\"panel-collapse collapse \" aria-labelledby=\"toggle_5c5fb0f88e3d4a770\"><div class=\"panel-body toggle-content fusion-clearfix\">\n<p style=\"text-align: left; padding-left: 60px;\">Analyse der bestehenden Abl\u00e4ufe.<br \/>\nBewerten der Prozessschritte.<br \/>\nDokumentation der Prozesse.<\/p>\n<\/div><\/div><\/div><div class=\"fusion-panel panel-default panel-6fb8fc46eede2cb4d fusion-toggle-has-divider\"><div class=\"panel-heading\"><h4 class=\"panel-title toggle\" id=\"toggle_6fb8fc46eede2cb4d\"><a aria-expanded=\"false\" aria-controls=\"6fb8fc46eede2cb4d\" role=\"button\" data-toggle=\"collapse\" data-parent=\"#accordion-611-1\" data-target=\"#6fb8fc46eede2cb4d\" href=\"#6fb8fc46eede2cb4d\"><span class=\"fusion-toggle-icon-wrapper\" aria-hidden=\"true\"><i class=\"fa-fusion-box active-icon awb-icon-minus\" aria-hidden=\"true\"><\/i><i class=\"fa-fusion-box inactive-icon awb-icon-plus\" aria-hidden=\"true\"><\/i><\/span><span class=\"fusion-toggle-heading\">Prozessoptimierung<\/span><\/a><\/h4><\/div><div id=\"6fb8fc46eede2cb4d\" class=\"panel-collapse collapse \" aria-labelledby=\"toggle_6fb8fc46eede2cb4d\"><div class=\"panel-body toggle-content fusion-clearfix\">\n<p style=\"text-align: left; padding-left: 60px;\">Analyse der IST Prozesse und Kennzahlen.<br \/>\nReihen und bewerten der Optimierungsma\u00dfnahmen.<br \/>\nDokumentieren, freigeben und implementieren des optimierten SOLL-Prozesses.<\/p>\n<\/div><\/div><\/div><div class=\"fusion-panel panel-default panel-c5d8bdf4fd5b0cbdf fusion-toggle-has-divider\"><div class=\"panel-heading\"><h4 class=\"panel-title toggle\" id=\"toggle_c5d8bdf4fd5b0cbdf\"><a aria-expanded=\"false\" aria-controls=\"c5d8bdf4fd5b0cbdf\" role=\"button\" data-toggle=\"collapse\" data-parent=\"#accordion-611-1\" data-target=\"#c5d8bdf4fd5b0cbdf\" href=\"#c5d8bdf4fd5b0cbdf\"><span class=\"fusion-toggle-icon-wrapper\" aria-hidden=\"true\"><i class=\"fa-fusion-box active-icon awb-icon-minus\" aria-hidden=\"true\"><\/i><i class=\"fa-fusion-box inactive-icon awb-icon-plus\" aria-hidden=\"true\"><\/i><\/span><span class=\"fusion-toggle-heading\">Prozessdesign<\/span><\/a><\/h4><\/div><div id=\"c5d8bdf4fd5b0cbdf\" class=\"panel-collapse collapse \" aria-labelledby=\"toggle_c5d8bdf4fd5b0cbdf\"><div class=\"panel-body toggle-content fusion-clearfix\">\n<p style=\"text-align: left; padding-left: 60px;\">Definition Prozess In- und Output.<br \/>\nFeststellen der Prozessschritte und Rollen.<br \/>\nFesthalten der Verantwortlichkeiten.<br \/>\nDokumentation und Vorbereitung der Implementierung.<\/p>\n<\/div><\/div><\/div><\/div><\/div><div class=\"fusion-clearfix\"><\/div><\/div><\/div><div class=\"fusion-layout-column fusion_builder_column fusion-builder-column-4 fusion_builder_column_1_2 1_2 fusion-one-half fusion-column-last\" style=\"--awb-bg-size:cover;width:48%;\"><div class=\"fusion-column-wrapper fusion-flex-column-wrapper-legacy\"><div class=\"fusion-text fusion-text-3\"><div style=\"width: 1280px;\" class=\"wp-video\"><video class=\"wp-video-shortcode\" id=\"video-611-1\" width=\"1280\" height=\"720\" loop autoplay preload=\"metadata\" controls=\"controls\"><source type=\"video\/mp4\" src=\"https:\/\/www.kummernecker.at\/cms\/wp-content\/uploads\/2016\/05\/Film-arbeiten-1.mp4?_=1\" \/><a href=\"https:\/\/www.kummernecker.at\/cms\/wp-content\/uploads\/2016\/05\/Film-arbeiten-1.mp4\">https:\/\/www.kummernecker.at\/cms\/wp-content\/uploads\/2016\/05\/Film-arbeiten-1.mp4<\/a><\/video><\/div>\n<\/div><div class=\"fusion-clearfix\"><\/div><\/div><\/div><\/div><\/div><div class=\"fusion-fullwidth fullwidth-box fusion-builder-row-4 nonhundred-percent-fullwidth non-hundred-percent-height-scrolling\" style=\"--awb-background-position:left top;--awb-border-radius-top-left:0px;--awb-border-radius-top-right:0px;--awb-border-radius-bottom-right:0px;--awb-border-radius-bottom-left:0px;--awb-padding-top:20px;--awb-padding-bottom:20px;--awb-background-color:#333333;--awb-border-sizes-top:0px;--awb-border-sizes-bottom:0px;--awb-flex-wrap:wrap;\" ><div class=\"fusion-builder-row fusion-row\"><div class=\"fusion-layout-column fusion_builder_column fusion-builder-column-5 fusion_builder_column_1_1 1_1 fusion-one-full fusion-column-first fusion-column-last fusion-column-no-min-height\" style=\"--awb-bg-size:cover;--awb-margin-bottom:0px;\"><div class=\"fusion-column-wrapper fusion-flex-column-wrapper-legacy\"><div class=\"fusion-text fusion-text-4\"><p style=\"text-align: center;\"><span style=\"color: #ffffff; font-size: 32px;\">Anbei einige erprobte Methoden und Tools:<\/span><\/p>\n<\/div><div class=\"fusion-clearfix\"><\/div><\/div><\/div><div class=\"fusion-layout-column fusion_builder_column fusion-builder-column-6 fusion_builder_column_1_1 1_1 fusion-one-full fusion-column-first fusion-column-last fusion-column-no-min-height\" style=\"--awb-bg-size:cover;--awb-margin-bottom:0px;\"><div class=\"fusion-column-wrapper fusion-flex-column-wrapper-legacy\"><div class=\"fusion-section-separator section-separator triangle fusion-section-separator-2\" style=\"--awb-border-bottom:1px solid #333333;--awb-spacer-height:1px;--awb-svg-margin-left:0;--awb-svg-margin-right:0;--awb-icon-color:#ffffff;\"><div class=\"fusion-section-separator-svg\"><div class=\"divider-candy-arrow bottom\" style=\"top:0px;border-top-color: #333333;\"><\/div><div class=\"divider-candy bottom\" style=\"bottom:-21px;border-bottom:1px solid #333333;border-left:1px solid #333333;\"><\/div><\/div><div class=\"fusion-section-separator-spacer\"><div class=\"fusion-section-separator-spacer-height\"><\/div><\/div><\/div><div class=\"fusion-clearfix\"><\/div><\/div><\/div><\/div><\/div><div class=\"fusion-fullwidth fullwidth-box fusion-builder-row-5 nonhundred-percent-fullwidth non-hundred-percent-height-scrolling\" style=\"--awb-background-position:left top;--awb-border-radius-top-left:0px;--awb-border-radius-top-right:0px;--awb-border-radius-bottom-right:0px;--awb-border-radius-bottom-left:0px;--awb-padding-top:20px;--awb-padding-bottom:20px;--awb-border-sizes-top:0px;--awb-border-sizes-bottom:0px;--awb-flex-wrap:wrap;\" ><div class=\"fusion-builder-row fusion-row\"><div class=\"fusion-layout-column fusion_builder_column fusion-builder-column-7 fusion_builder_column_2_3 2_3 fusion-two-third fusion-column-first\" style=\"--awb-bg-size:cover;width:65.3333%; margin-right: 4%;\"><div class=\"fusion-column-wrapper fusion-flex-column-wrapper-legacy\"><div class=\"fusion-text fusion-text-5\"><h3>Prozessmanagement Tools:<\/h3>\n<ul>\n<li>Prozesslandkarte<\/li>\n<li>WKD, EPK, UML Diagramme<\/li>\n<li>Brown Paper Methode<\/li>\n<li>Swim Lane Diagramme<\/li>\n<\/ul>\n<\/div><div class=\"fusion-clearfix\"><\/div><\/div><\/div><div class=\"fusion-layout-column fusion_builder_column fusion-builder-column-8 fusion_builder_column_1_3 1_3 fusion-one-third fusion-column-last\" style=\"--awb-bg-size:cover;width:30.6666%;\"><div class=\"fusion-column-wrapper fusion-flex-column-wrapper-legacy\"><div id=\"layerslider_11_rxdvbt46n6fm\"  class=\"ls-wp-container fitvidsignore ls-selectable\" style=\"width:640px;height:384px;max-width:640px;margin:0 auto;margin-bottom: 0px;\"><div class=\"ls-slide\" data-ls=\"duration:3000;transition2d:3;\"><img decoding=\"async\" width=\"640\" height=\"425\" src=\"https:\/\/www.kummernecker.at\/cms\/wp-content\/uploads\/2016\/05\/Prozess-sheet_640.png\" class=\"ls-bg\" alt=\"Prozesse\" srcset=\"https:\/\/www.kummernecker.at\/cms\/wp-content\/uploads\/2016\/05\/Prozess-sheet_640-200x133.png 200w, https:\/\/www.kummernecker.at\/cms\/wp-content\/uploads\/2016\/05\/Prozess-sheet_640-250x166.png 250w, https:\/\/www.kummernecker.at\/cms\/wp-content\/uploads\/2016\/05\/Prozess-sheet_640-300x199.png 300w, https:\/\/www.kummernecker.at\/cms\/wp-content\/uploads\/2016\/05\/Prozess-sheet_640-350x232.png 350w, https:\/\/www.kummernecker.at\/cms\/wp-content\/uploads\/2016\/05\/Prozess-sheet_640-400x266.png 400w, https:\/\/www.kummernecker.at\/cms\/wp-content\/uploads\/2016\/05\/Prozess-sheet_640-600x398.png 600w, https:\/\/www.kummernecker.at\/cms\/wp-content\/uploads\/2016\/05\/Prozess-sheet_640.png 640w\" sizes=\"(max-width: 640px) 100vw, 640px\" \/><\/div><div class=\"ls-slide\" data-ls=\"duration:3000;transition2d:3;\"><img decoding=\"async\" width=\"640\" height=\"384\" src=\"https:\/\/www.kummernecker.at\/cms\/wp-content\/uploads\/2016\/05\/ISO9000_640-1.png\" class=\"ls-bg\" alt=\"ISO\" srcset=\"https:\/\/www.kummernecker.at\/cms\/wp-content\/uploads\/2016\/05\/ISO9000_640-1-200x120.png 200w, https:\/\/www.kummernecker.at\/cms\/wp-content\/uploads\/2016\/05\/ISO9000_640-1-250x150.png 250w, https:\/\/www.kummernecker.at\/cms\/wp-content\/uploads\/2016\/05\/ISO9000_640-1-300x180.png 300w, https:\/\/www.kummernecker.at\/cms\/wp-content\/uploads\/2016\/05\/ISO9000_640-1-350x210.png 350w, https:\/\/www.kummernecker.at\/cms\/wp-content\/uploads\/2016\/05\/ISO9000_640-1-400x240.png 400w, https:\/\/www.kummernecker.at\/cms\/wp-content\/uploads\/2016\/05\/ISO9000_640-1-600x360.png 600w, https:\/\/www.kummernecker.at\/cms\/wp-content\/uploads\/2016\/05\/ISO9000_640-1.png 640w\" sizes=\"(max-width: 640px) 100vw, 640px\" \/><\/div><div class=\"ls-slide\" data-ls=\"duration:3000;transition2d:3;\"><img decoding=\"async\" width=\"640\" height=\"425\" src=\"https:\/\/www.kummernecker.at\/cms\/wp-content\/uploads\/2016\/05\/Swim-lane_640.png\" class=\"ls-bg\" alt=\"Swim lane\" srcset=\"https:\/\/www.kummernecker.at\/cms\/wp-content\/uploads\/2016\/05\/Swim-lane_640-200x133.png 200w, https:\/\/www.kummernecker.at\/cms\/wp-content\/uploads\/2016\/05\/Swim-lane_640-250x166.png 250w, https:\/\/www.kummernecker.at\/cms\/wp-content\/uploads\/2016\/05\/Swim-lane_640-300x199.png 300w, https:\/\/www.kummernecker.at\/cms\/wp-content\/uploads\/2016\/05\/Swim-lane_640-350x232.png 350w, https:\/\/www.kummernecker.at\/cms\/wp-content\/uploads\/2016\/05\/Swim-lane_640-400x266.png 400w, https:\/\/www.kummernecker.at\/cms\/wp-content\/uploads\/2016\/05\/Swim-lane_640-600x398.png 600w, https:\/\/www.kummernecker.at\/cms\/wp-content\/uploads\/2016\/05\/Swim-lane_640.png 640w\" sizes=\"(max-width: 640px) 100vw, 640px\" \/><\/div><\/div><div class=\"fusion-clearfix\"><\/div><\/div><\/div><\/div><\/div><div class=\"fusion-fullwidth fullwidth-box fusion-builder-row-6 hundred-percent-fullwidth non-hundred-percent-height-scrolling\" style=\"--awb-border-radius-top-left:0px;--awb-border-radius-top-right:0px;--awb-border-radius-bottom-right:0px;--awb-border-radius-bottom-left:0px;--awb-overflow:visible;--awb-padding-right:20px;--awb-padding-left:20px;--awb-background-color:rgba(255,255,255,0);--awb-flex-wrap:wrap;\" ><div class=\"fusion-builder-row fusion-row\"><div class=\"fusion-layout-column fusion_builder_column fusion-builder-column-9 fusion_builder_column_1_1 1_1 fusion-one-full fusion-column-first fusion-column-last fusion-column-no-min-height\" style=\"--awb-bg-size:cover;--awb-margin-bottom:0px;\"><div class=\"fusion-column-wrapper fusion-flex-column-wrapper-legacy\"><div class=\"fusion-sep-clear\"><\/div><div class=\"fusion-separator fusion-full-width-sep\" style=\"margin-left: auto;margin-right: auto;width:100%;\"><\/div><div class=\"fusion-sep-clear\"><\/div><div class=\"fusion-clearfix\"><\/div><\/div><\/div><\/div><\/div><div class=\"fusion-fullwidth fullwidth-box fusion-builder-row-7 nonhundred-percent-fullwidth non-hundred-percent-height-scrolling\" style=\"--awb-background-position:left top;--awb-border-radius-top-left:0px;--awb-border-radius-top-right:0px;--awb-border-radius-bottom-right:0px;--awb-border-radius-bottom-left:0px;--awb-padding-top:20px;--awb-padding-bottom:20px;--awb-border-sizes-top:0px;--awb-border-sizes-bottom:0px;--awb-flex-wrap:wrap;\" ><div class=\"fusion-builder-row fusion-row\"><div class=\"fusion-layout-column fusion_builder_column fusion-builder-column-10 fusion_builder_column_2_3 2_3 fusion-two-third fusion-column-first\" style=\"--awb-bg-size:cover;width:65.3333%; margin-right: 4%;\"><div class=\"fusion-column-wrapper fusion-flex-column-wrapper-legacy\"><div class=\"fusion-text fusion-text-6\"><h3>Prozessmanagement Methoden:<\/h3>\n<ul>\n<li>Regelm\u00e4\u00dfige Prozessteam Meetings<\/li>\n<li>Controlling Meetings<\/li>\n<li>Besprechungen<\/li>\n<li>Workshops<\/li>\n<\/ul>\n<\/div><div class=\"fusion-clearfix\"><\/div><\/div><\/div><div class=\"fusion-layout-column fusion_builder_column fusion-builder-column-11 fusion_builder_column_1_3 1_3 fusion-one-third fusion-column-last\" style=\"--awb-bg-size:cover;width:30.6666%;\"><div class=\"fusion-column-wrapper fusion-flex-column-wrapper-legacy\"><div id=\"layerslider_10_126v6cy9d1kcb\"  class=\"ls-wp-container fitvidsignore ls-selectable\" style=\"width:640px;height:384px;margin:0 auto;margin-bottom: 0px;\"><div class=\"ls-slide\" data-ls=\"duration:2000;transition2d:3;\"><img decoding=\"async\" width=\"640\" height=\"427\" src=\"https:\/\/www.kummernecker.at\/cms\/wp-content\/uploads\/2016\/05\/pexels-photo_640_red.jpg\" class=\"ls-bg\" alt=\"work 1\" srcset=\"https:\/\/www.kummernecker.at\/cms\/wp-content\/uploads\/2016\/05\/pexels-photo_640_red-200x133.jpg 200w, https:\/\/www.kummernecker.at\/cms\/wp-content\/uploads\/2016\/05\/pexels-photo_640_red-250x167.jpg 250w, https:\/\/www.kummernecker.at\/cms\/wp-content\/uploads\/2016\/05\/pexels-photo_640_red-300x200.jpg 300w, https:\/\/www.kummernecker.at\/cms\/wp-content\/uploads\/2016\/05\/pexels-photo_640_red-350x234.jpg 350w, https:\/\/www.kummernecker.at\/cms\/wp-content\/uploads\/2016\/05\/pexels-photo_640_red-400x267.jpg 400w, https:\/\/www.kummernecker.at\/cms\/wp-content\/uploads\/2016\/05\/pexels-photo_640_red-600x400.jpg 600w, https:\/\/www.kummernecker.at\/cms\/wp-content\/uploads\/2016\/05\/pexels-photo_640_red.jpg 640w\" sizes=\"(max-width: 640px) 100vw, 640px\" \/><\/div><div class=\"ls-slide\" data-ls=\"duration:2000;transition2d:3;\"><img decoding=\"async\" width=\"640\" height=\"427\" src=\"https:\/\/www.kummernecker.at\/cms\/wp-content\/uploads\/2016\/05\/people-coffee-notes-tea_640_red.jpg\" class=\"ls-bg\" alt=\"work 2\" srcset=\"https:\/\/www.kummernecker.at\/cms\/wp-content\/uploads\/2016\/05\/people-coffee-notes-tea_640_red-200x133.jpg 200w, https:\/\/www.kummernecker.at\/cms\/wp-content\/uploads\/2016\/05\/people-coffee-notes-tea_640_red-250x167.jpg 250w, https:\/\/www.kummernecker.at\/cms\/wp-content\/uploads\/2016\/05\/people-coffee-notes-tea_640_red-300x200.jpg 300w, https:\/\/www.kummernecker.at\/cms\/wp-content\/uploads\/2016\/05\/people-coffee-notes-tea_640_red-350x234.jpg 350w, https:\/\/www.kummernecker.at\/cms\/wp-content\/uploads\/2016\/05\/people-coffee-notes-tea_640_red-400x267.jpg 400w, https:\/\/www.kummernecker.at\/cms\/wp-content\/uploads\/2016\/05\/people-coffee-notes-tea_640_red-600x400.jpg 600w, https:\/\/www.kummernecker.at\/cms\/wp-content\/uploads\/2016\/05\/people-coffee-notes-tea_640_red.jpg 640w\" sizes=\"(max-width: 640px) 100vw, 640px\" \/><\/div><div class=\"ls-slide\" data-ls=\"duration:2000;transition2d:3;\"><img decoding=\"async\" width=\"640\" height=\"425\" src=\"https:\/\/www.kummernecker.at\/cms\/wp-content\/uploads\/2016\/05\/office-notes-notepad-entrepreneur_640_red.jpeg\" class=\"ls-bg\" alt=\"work 3\" srcset=\"https:\/\/www.kummernecker.at\/cms\/wp-content\/uploads\/2016\/05\/office-notes-notepad-entrepreneur_640_red-200x133.jpeg 200w, https:\/\/www.kummernecker.at\/cms\/wp-content\/uploads\/2016\/05\/office-notes-notepad-entrepreneur_640_red-250x166.jpeg 250w, https:\/\/www.kummernecker.at\/cms\/wp-content\/uploads\/2016\/05\/office-notes-notepad-entrepreneur_640_red-300x199.jpeg 300w, https:\/\/www.kummernecker.at\/cms\/wp-content\/uploads\/2016\/05\/office-notes-notepad-entrepreneur_640_red-350x232.jpeg 350w, https:\/\/www.kummernecker.at\/cms\/wp-content\/uploads\/2016\/05\/office-notes-notepad-entrepreneur_640_red-400x266.jpeg 400w, https:\/\/www.kummernecker.at\/cms\/wp-content\/uploads\/2016\/05\/office-notes-notepad-entrepreneur_640_red-600x398.jpeg 600w, https:\/\/www.kummernecker.at\/cms\/wp-content\/uploads\/2016\/05\/office-notes-notepad-entrepreneur_640_red.jpeg 640w\" sizes=\"(max-width: 640px) 100vw, 640px\" \/><\/div><div class=\"ls-slide\" data-ls=\"duration:2000;transition2d:3;\"><img decoding=\"async\" width=\"640\" height=\"427\" src=\"https:\/\/www.kummernecker.at\/cms\/wp-content\/uploads\/2016\/05\/people-woman-coffee-meeting_640_red.jpg\" class=\"ls-bg\" alt=\"work 4\" srcset=\"https:\/\/www.kummernecker.at\/cms\/wp-content\/uploads\/2016\/05\/people-woman-coffee-meeting_640_red-200x133.jpg 200w, https:\/\/www.kummernecker.at\/cms\/wp-content\/uploads\/2016\/05\/people-woman-coffee-meeting_640_red-250x167.jpg 250w, https:\/\/www.kummernecker.at\/cms\/wp-content\/uploads\/2016\/05\/people-woman-coffee-meeting_640_red-300x200.jpg 300w, https:\/\/www.kummernecker.at\/cms\/wp-content\/uploads\/2016\/05\/people-woman-coffee-meeting_640_red-350x234.jpg 350w, https:\/\/www.kummernecker.at\/cms\/wp-content\/uploads\/2016\/05\/people-woman-coffee-meeting_640_red-400x267.jpg 400w, https:\/\/www.kummernecker.at\/cms\/wp-content\/uploads\/2016\/05\/people-woman-coffee-meeting_640_red-600x400.jpg 600w, https:\/\/www.kummernecker.at\/cms\/wp-content\/uploads\/2016\/05\/people-woman-coffee-meeting_640_red.jpg 640w\" sizes=\"(max-width: 640px) 100vw, 640px\" \/><\/div><\/div><div class=\"fusion-clearfix\"><\/div><\/div><\/div><\/div><\/div><\/p>\n","protected":false},"excerpt":{"rendered":"","protected":false},"author":1,"featured_media":0,"parent":250,"menu_order":2,"comment_status":"closed","ping_status":"closed","template":"100-width.php","meta":{"_bbp_topic_count":0,"_bbp_reply_count":0,"_bbp_total_topic_count":0,"_bbp_total_reply_count":0,"_bbp_voice_count":0,"_bbp_anonymous_reply_count":0,"_bbp_topic_count_hidden":0,"_bbp_reply_count_hidden":0,"_bbp_forum_subforum_count":0,"footnotes":""},"class_list":["post-611","page","type-page","status-publish","hentry"],"_links":{"self":[{"href":"https:\/\/www.kummernecker.at\/cms\/wp-json\/wp\/v2\/pages\/611","targetHints":{"allow":["GET"]}}],"collection":[{"href":"https:\/\/www.kummernecker.at\/cms\/wp-json\/wp\/v2\/pages"}],"about":[{"href":"https:\/\/www.kummernecker.at\/cms\/wp-json\/wp\/v2\/types\/page"}],"author":[{"embeddable":true,"href":"https:\/\/www.kummernecker.at\/cms\/wp-json\/wp\/v2\/users\/1"}],"replies":[{"embeddable":true,"href":"https:\/\/www.kummernecker.at\/cms\/wp-json\/wp\/v2\/comments?post=611"}],"version-history":[{"count":13,"href":"https:\/\/www.kummernecker.at\/cms\/wp-json\/wp\/v2\/pages\/611\/revisions"}],"predecessor-version":[{"id":1384,"href":"https:\/\/www.kummernecker.at\/cms\/wp-json\/wp\/v2\/pages\/611\/revisions\/1384"}],"up":[{"embeddable":true,"href":"https:\/\/www.kummernecker.at\/cms\/wp-json\/wp\/v2\/pages\/250"}],"wp:attachment":[{"href":"https:\/\/www.kummernecker.at\/cms\/wp-json\/wp\/v2\/media?parent=611"}],"curies":[{"name":"wp","href":"https:\/\/api.w.org\/{rel}","templated":true}]}}