{"id":1429,"date":"2018-05-08T21:37:36","date_gmt":"2018-05-08T19:37:36","guid":{"rendered":"https:\/\/www.kummernecker.at\/cms\/?page_id=1429"},"modified":"2022-01-14T17:49:44","modified_gmt":"2022-01-14T16:49:44","slug":"datenschutzerklaerung","status":"publish","type":"page","link":"https:\/\/www.kummernecker.at\/cms\/de\/datenschutzerklaerung\/","title":{"rendered":"Datenschutzerkl\u00e4rung"},"content":{"rendered":"<div class=\"fusion-fullwidth fullwidth-box fusion-builder-row-1 fusion-parallax-none nonhundred-percent-fullwidth non-hundred-percent-height-scrolling\" style=\"--awb-border-radius-top-left:0px;--awb-border-radius-top-right:0px;--awb-border-radius-bottom-right:0px;--awb-border-radius-bottom-left:0px;--awb-padding-top:20px;--awb-padding-bottom:20px;--awb-background-image:url(&quot;https:\/\/www.kummernecker.at\/cms\/wp-content\/uploads\/2016\/05\/Lobau_nebel_2560_red.jpg&quot;);--awb-background-size:cover;--awb-flex-wrap:wrap;\" ><div class=\"fusion-builder-row fusion-row\"><div class=\"fusion-layout-column fusion_builder_column fusion-builder-column-0 fusion_builder_column_1_1 1_1 fusion-one-full fusion-column-first fusion-column-last\" style=\"--awb-padding-top:20px;--awb-padding-right:20px;--awb-padding-bottom:20px;--awb-padding-left:20px;--awb-bg-color:rgba(220,218,219,0.8);--awb-bg-color-hover:rgba(220,218,219,0.8);--awb-bg-size:cover;--awb-margin-top:20px;\"><div class=\"fusion-column-wrapper fusion-flex-column-wrapper-legacy\"><div class=\"fusion-title title fusion-title-1 fusion-title-center fusion-title-text fusion-title-size-one\" style=\"--awb-margin-top-small:10px;--awb-margin-right-small:0px;--awb-margin-bottom-small:10px;--awb-margin-left-small:0px;\"><div class=\"title-sep-container title-sep-container-left\"><div class=\"title-sep sep-double sep-solid\" style=\"border-color:#e0dede;\"><\/div><\/div><span class=\"awb-title-spacer\"><\/span><h1 class=\"fusion-title-heading title-heading-center fusion-responsive-typography-calculated\" style=\"margin:0;--fontSize:48;line-height:1.2;\"><p style=\"text-align: center;\">Erkl\u00e4rung zur Informationspflicht<\/p><\/h1><span class=\"awb-title-spacer\"><\/span><div class=\"title-sep-container title-sep-container-right\"><div class=\"title-sep sep-double sep-solid\" style=\"border-color:#e0dede;\"><\/div><\/div><\/div><div class=\"fusion-clearfix\"><\/div><\/div><\/div><div class=\"fusion-layout-column fusion_builder_column fusion-builder-column-1 fusion_builder_column_1_1 1_1 fusion-one-full fusion-column-first fusion-column-last\" style=\"--awb-padding-top:20px;--awb-padding-right:20px;--awb-padding-bottom:20px;--awb-padding-left:20px;--awb-bg-color:rgba(220,218,219,0.8);--awb-bg-color-hover:rgba(220,218,219,0.8);--awb-bg-size:cover;\"><div class=\"fusion-column-wrapper fusion-flex-column-wrapper-legacy\"><div class=\"fusion-text fusion-text-1\"><h2>Datenschutzerkl\u00e4rung<\/h2>\n<p>Der Schutz Ihrer pers\u00f6nlichen Daten ist uns ein besonderes Anliegen. Wir verarbeiten Ihre Daten daher ausschlie\u00dflich auf Grundlage der gesetzlichen Bestimmungen (DSGVO, TKG 2003). In diesen Datenschutzinformationen informieren wir Sie \u00fcber die wichtigsten Aspekte der Datenverarbeitung im Rahmen unserer Website.<\/p>\n<h3>Kontakt mit uns<\/h3>\n<p>Wenn Sie per Formular auf der Website oder per E-Mail Kontakt mit uns aufnehmen, werden Ihre angegebenen Daten zwecks Bearbeitung der Anfrage und f\u00fcr den Fall von Anschlussfragen sechs Monate bei uns gespeichert. Diese Daten geben wir nicht ohne Ihre Einwilligung weiter.<\/p>\n<h3>Besuch der Web-Seite \/ Verwendung von Cookies<\/h3>\n<p>Im Rahmen Ihres Besuchs unserer Website erheben wir personenbezogene Daten im technisch notwendigen Umfang (Name der abgerufenen Datei, Datum und Uhrzeit des Abrufs, \u00fcbertragene Datenmenge, Meldung \u00fcber erfolgreichen Abruf, Browsertyp nebst Version, das Betriebssystem des Nutzers, Referrer URL und der anfragende Provider). Diese Daten k\u00f6nnen von uns nicht bestimmten Personen zugeordnet werden und werden auch nicht mit Daten aus anderen Datenquellen zusammengef\u00fchrt.<\/p>\n<p>Wir weisen Sie darauf hin, dass beim Besuch unserer Website \u201eCookies\u201c verwendet werden. Das sind Textdateien, die auf Ihrem Computer gespeichert werden und die eine Analyse der Benutzung der Website durch Sie erm\u00f6glichen. Die von uns verwendeten Cookies werden nach dem Schlie\u00dfen des Browsers wieder von Ihrer Festplatte gel\u00f6scht (Session-Cookies). Die Erhebung dieser Daten erfolgt auf Grundlage des \u00a7 96 Abs 3 TKG. Au\u00dferdem verwenden wir Cookies zur statistischen Auswertung der Nutzung unserer Website. Die Erhebung dieser Daten erfolgt auf Grundlage des Art 6 Abs 1 lit f DSGVO.<\/p>\n<p>Sofern Sie zuvor darin gem\u00e4\u00df Art 6 Abs 1 lit a DSGVO eingewilligt haben, werden im Rahmen Ihres Besuchs unserer Website Cookies von Dritt-Anbietern zum Zweck der Erhebung und Auswertung Ihres Nutzungsverhaltens verwendet. Die Einwilligung in diese Cookie Verwendung erfolgt durch Einblendung eines Banners, auf dem die Art und Umfang der Verwendung dieser Cookies erl\u00e4utert wird und Sie der Verwendung der Cookies zustimmen oder diese ablehnen k\u00f6nnen. Vor Ihrer Zustimmung werden jedenfalls keine solchen Cookies verwendet. Bei der Nichtannahme von Cookies kann die Funktionalit\u00e4t unserer Website eingeschr\u00e4nkt sein.<\/p>\n<h3>Die Nutzung von Twitter<\/h3>\n<p>Auf unserer BLOG Seiten sind Funktionen des Dienstes Twitter eingebunden. Diese Funktionen werden angeboten durch die Twitter Inc., 1355 Market Street, Suite 900, San Francisco, CA 94103, USA. Durch das Benutzen von Twitter und der Funktion &#8222;Re-Tweet&#8220; werden die von Ihnen besuchten Webseiten mit Ihrem Twitter-Account verkn\u00fcpft und anderen Nutzern bekannt gegeben. Dabei werden auch Daten an Twitter \u00fcbertragen. Wir weisen darauf hin, dass wir als Anbieter der Seiten keine Kenntnis vom Inhalt der \u00fcbermittelten Daten sowie deren Nutzung durch Twitter erhalten. Weitere Informationen hierzu finden Sie in der Datenschutzerkl\u00e4rung von Twitter unter\u00a0<a href=\"http:\/\/twitter.com\/privacy\">DSVO Twitter<\/a>.<br \/>\nIhre Datenschutzeinstellungen bei Twitter k\u00f6nnen Sie in den Konto-Einstellungen unter:\u00a0<a href=\"http:\/\/twitter.com\/account\/settings\">Twitter settings<\/a>\u00a0\u00e4ndern.<\/p>\n<h3>Die Nutzung von LinkedIn<\/h3>\n<p>Auf unserer BLOG Seiten sind Funktionen des Netzwerks LinkedIn eingebunden. Anbieter ist die LinkedIn Corporation, 2029 Stierlin Court, Mountain View, CA 94043, USA.<br \/>\nBei jedem Abruf einer unserer Seiten, die Funktionen von LinkedIn enth\u00e4lt, wird eine Verbindung zu Servern von LinkedIn aufbaut. LinkedIn wird dar\u00fcber informiert, dass Sie unsere Internetseiten mit Ihrer IP-Adresse besucht haben. Wenn Sie den &#8222;Recommend-Button&#8220; von LinkedIn anklicken und in Ihrem Account bei LinkedIn eingeloggt sind, ist es LinkedIn m\u00f6glich, Ihren Besuch auf unserer Internetseite Ihnen und Ihrem Benutzerkonto zuzuordnen. Wir weisen darauf hin, dass wir als Anbieter der Seiten keine Kenntnis vom Inhalt der \u00fcbermittelten Daten sowie deren Nutzung durch LinkedIn haben.<\/p>\n<p>Weitere Informationen hierzu finden Sie in der Datenschutzerkl\u00e4rung von LinkedIn unter:\u00a0<a href=\"http:\/\/www.linkedin.com\/legal\/privacy-policy\">DSVO LinkedIn<\/a><\/p>\n<h3>Die Nutzung von XING<\/h3>\n<p>Unsere Website nutzt Funktionen des Netzwerks XING. Anbieter ist die XING AG, Dammtorstra\u00dfe 29-32, 20354 Hamburg, Deutschland.<br \/>\nBei jedem Abruf einer unserer Seiten, die Funktionen von XING enth\u00e4lt, wird eine Verbindung zu Servern von XING hergestellt. Eine Speicherung von personenbezogenen Daten erfolgt dabei nach unserer Kenntnis nicht. Insbesondere werden keine IP-Adressen gespeichert oder das Nutzungsverhalten ausgewertet.<\/p>\n<h3>Ihre Rechte<\/h3>\n<p>Ihnen stehen grunds\u00e4tzlich die Rechte auf Auskunft, Berichtigung, L\u00f6schung, Einschr\u00e4nkung, Daten\u00fcbertragbarkeit, Widerruf und Widerspruch zu. Wenn Sie glauben, dass die Verarbeitung Ihrer Daten gegen das Datenschutzrecht verst\u00f6\u00dft oder Ihre datenschutzrechtlichen Anspr\u00fcche sonst in einer Weise verletzt worden sind, k\u00f6nnen Sie sich bei der Aufsichtsbeh\u00f6rde beschweren. In \u00d6sterreich ist dies die Datenschutzbeh\u00f6rde.<\/p>\n<h3>Sie erreichen uns unter folgenden Kontaktdaten:<\/h3>\n<p><a href=\"https:\/\/www.kummernecker.at\/cms\/de\/impressum\/\">Impressum<\/a><\/p>\n<h3>Rechte als Betroffener<\/h3>\n<p><span lang=\"DE\">Sie haben das Recht auf Auskunft \u00fcber ihre personenbezogenen Daten, sowie das Recht auf Berichtigung oder L\u00f6schung oder Einschr\u00e4nkung der Verarbeitung. Ebenso k\u00f6nnen sie der Verarbeitung widersprechen und haben das Recht auf \u00dcbertragung ihrer personenbezogenen Daten in strukturierter, maschinenlesbaren Form. F\u00fcr alle genannten Rechte wenden Sie sich bitte an die Kontaktdaten des Verantwortlichen.<\/span><\/p>\n<h3>Beschwerderecht<\/h3>\n<p><span lang=\"DE\">Sie haben das Recht, eine Beschwerde bei einer Aufsichtsbeh\u00f6rde einzureichen. F\u00fcr \u00d6sterreich ist dies die \u00f6sterreichische Datenschutzbeh\u00f6rde, Wickenburggasse 8, 1080 Wien, Telefon: +43 1 52 152-0, E-Mail: dsb@dsb.gv.at, Web: <\/span><span lang=\"DE\"><a href=\"https:\/\/www.dsb.gv.at\/\">Datenschutzbeh\u00f6rde<\/a><\/span><span lang=\"DE\">.<\/span><\/p>\n<\/div><div class=\"fusion-clearfix\"><\/div><\/div><\/div><\/div><\/div>\n","protected":false},"excerpt":{"rendered":"","protected":false},"author":1,"featured_media":0,"parent":0,"menu_order":0,"comment_status":"closed","ping_status":"closed","template":"100-width.php","meta":{"_bbp_topic_count":0,"_bbp_reply_count":0,"_bbp_total_topic_count":0,"_bbp_total_reply_count":0,"_bbp_voice_count":0,"_bbp_anonymous_reply_count":0,"_bbp_topic_count_hidden":0,"_bbp_reply_count_hidden":0,"_bbp_forum_subforum_count":0,"footnotes":""},"class_list":["post-1429","page","type-page","status-publish","hentry"],"_links":{"self":[{"href":"https:\/\/www.kummernecker.at\/cms\/wp-json\/wp\/v2\/pages\/1429","targetHints":{"allow":["GET"]}}],"collection":[{"href":"https:\/\/www.kummernecker.at\/cms\/wp-json\/wp\/v2\/pages"}],"about":[{"href":"https:\/\/www.kummernecker.at\/cms\/wp-json\/wp\/v2\/types\/page"}],"author":[{"embeddable":true,"href":"https:\/\/www.kummernecker.at\/cms\/wp-json\/wp\/v2\/users\/1"}],"replies":[{"embeddable":true,"href":"https:\/\/www.kummernecker.at\/cms\/wp-json\/wp\/v2\/comments?post=1429"}],"version-history":[{"count":29,"href":"https:\/\/www.kummernecker.at\/cms\/wp-json\/wp\/v2\/pages\/1429\/revisions"}],"predecessor-version":[{"id":11736,"href":"https:\/\/www.kummernecker.at\/cms\/wp-json\/wp\/v2\/pages\/1429\/revisions\/11736"}],"wp:attachment":[{"href":"https:\/\/www.kummernecker.at\/cms\/wp-json\/wp\/v2\/media?parent=1429"}],"curies":[{"name":"wp","href":"https:\/\/api.w.org\/{rel}","templated":true}]}}